{"id":11,"date":"2025-09-24T00:00:01","date_gmt":"2025-09-24T00:00:01","guid":{"rendered":"https:\/\/staging-hub.liquid-themes.com\/starthubfive\/?page_id=11"},"modified":"2025-12-14T02:29:41","modified_gmt":"2025-12-14T02:29:41","slug":"our-quality-policy","status":"publish","type":"page","link":"https:\/\/produgraficas.com\/en\/our-quality-policy\/","title":{"rendered":"Quality Policy"},"content":{"rendered":"<div data-elementor-type=\"wp-page\" data-elementor-id=\"11\" class=\"elementor elementor-11\" data-elementor-post-type=\"page\">\n\t\t\t\t\t\t<section class=\"elementor-section elementor-top-section elementor-element elementor-element-3214554 elementor-section-boxed elementor-section-height-default elementor-section-height-default\" data-id=\"3214554\" data-element_type=\"section\" data-settings=\"{&quot;background_background&quot;:&quot;gradient&quot;,&quot;shape_divider_bottom&quot;:&quot;lqd-custom-shape-12&quot;}\">\n\t\t\t\t\t<div class=\"elementor-shape elementor-shape-bottom\" aria-hidden=\"true\" data-negative=\"false\">\n\t\t\t<svg class=\"lqd-custom-shape\" xmlns=\"http:\/\/www.w3.org\/2000\/svg\" preserveaspectratio=\"none\"  viewbox=\"0 0 1440 150\">\n    <path class=\"elementor-shape-fill\" d=\"M 0 26.1978 C 275.76 83.8152 430.707 65.0509 716.279 25.6386 C 930.422 -3.86123 1210.32 -3.98357 1439 9.18045 C 2072.34 45.9691 2201.93 62.4429 2560 26.198 V 172.199 L 0 172.199 V 26.1978 Z\">\n        <animate repeatcount=\"indefinite\" fill=\"freeze\" attributename=\"d\" dur=\"10s\" values=\"M0 25.9086C277 84.5821 433 65.736 720 25.9086C934.818 -3.9019 1214.06 -5.23669 1442 8.06597C2079 45.2421 2208 63.5007 2560 25.9088V171.91L0 171.91V25.9086Z; M0 86.3149C316 86.315 444 159.155 884 51.1554C1324 -56.8446 1320.29 34.1214 1538 70.4063C1814 116.407 2156 188.408 2560 86.315V232.317L0 232.316V86.3149Z; M0 53.6584C158 11.0001 213 0 363 0C513 0 855.555 115.001 1154 115.001C1440 115.001 1626 -38.0004 2560 53.6585V199.66L0 199.66V53.6584Z; M0 25.9086C277 84.5821 433 65.736 720 25.9086C934.818 -3.9019 1214.06 -5.23669 1442 8.06597C2079 45.2421 2208 63.5007 2560 25.9088V171.91L0 171.91V25.9086Z\">\n        <\/animate>\n    <\/path>\n<\/svg>\t\t<\/div>\n\t\t\t\t\t<div class=\"elementor-container elementor-column-gap-default\">\n\t\t\t\t\t<div class=\"elementor-column elementor-col-100 elementor-top-column elementor-element elementor-element-54476f3\" data-id=\"54476f3\" data-element_type=\"column\">\n\t\t\t<div class=\"elementor-widget-wrap elementor-element-populated\">\n\t\t\t\t\t\t<section class=\"elementor-section elementor-inner-section elementor-element elementor-element-129e70e elementor-section-full_width elementor-section-height-default elementor-section-height-default\" data-id=\"129e70e\" data-element_type=\"section\">\n\t\t\t\t\t\t<div class=\"elementor-container elementor-column-gap-default\">\n\t\t\t\t\t<div class=\"elementor-column elementor-col-100 elementor-inner-column elementor-element elementor-element-a7a19bc\" data-id=\"a7a19bc\" data-element_type=\"column\">\n\t\t\t<div class=\"elementor-widget-wrap elementor-element-populated\">\n\t\t\t\t\t\t<div class=\"elementor-element elementor-element-06e2bb6 elementor-widget elementor-widget-hub_fancy_heading\" data-id=\"06e2bb6\" data-element_type=\"widget\" data-widget_type=\"hub_fancy_heading.default\">\n\t\t\t\t<div class=\"elementor-widget-container\">\n\t\t\t\t\t\n\t\t<div id=\"ld-fancy-heading-69e17e8814924\" class=\"ld-fancy-heading pos-rel\">\n\t\t\t<h1 class=\"ld-fh-element d-inline-block pos-rel  elementor-heading-title lqd-highlight-classic lqd-highlight-grow-left h1\"  > Quality Policy<\/h1>\t\t<\/div>\n\n\t\t\t\t\t\t<\/div>\n\t\t\t\t<\/div>\n\t\t\t\t<div class=\"elementor-element elementor-element-8e5c25e elementor-widget elementor-widget-ld_button\" data-id=\"8e5c25e\" data-element_type=\"widget\" data-widget_type=\"ld_button.default\">\n\t\t\t\t<div class=\"elementor-widget-container\">\n\t\t\t\t\t\n\t\t\t<a\n\t\t\t\tclass=\"elementor-button btn btn-naked btn-icon-block btn-no-label\" data-localscroll=\"1\" data-localscroll-options=\"{&quot;scrollBelowSection&quot;:true}\" href=\"#\"\t\t\t>\n\t\t\t\t\t\t\t\t\t\t\t\t\t\t<span class=\"btn-icon\">\n\t\t\t\t\t\t\t<i aria-hidden=\"true\" class=\"lqd-icn-ess icon-ion-ios-arrow-down\"><\/i>\t\t\t\t\t\t<\/span>\n\t\t\t\t\t\t\t\t\t<\/a>\n\t\t\t\t\t\t\t<\/div>\n\t\t\t\t<\/div>\n\t\t\t\t\t<\/div>\n\t\t<\/div>\n\t\t\t\t\t<\/div>\n\t\t<\/section>\n\t\t\t\t\t<\/div>\n\t\t<\/div>\n\t\t\t\t\t<\/div>\n\t\t<\/section>\n\t\t<div class=\"elementor-element elementor-element-51bc80a e-flex e-con-boxed e-con e-parent\" data-id=\"51bc80a\" data-element_type=\"container\">\n\t\t\t\t\t<div class=\"e-con-inner\">\n\t\t\t\t<div class=\"elementor-element elementor-element-2766611 elementor-widget elementor-widget-text-editor\" data-id=\"2766611\" data-element_type=\"widget\" data-widget_type=\"text-editor.default\">\n\t\t\t\t<div class=\"elementor-widget-container\">\n\t\t\t\t\t\t\t\t\t<p class=\"p1\"><strong>PRODUGRAFICAS S.A.S.<\/strong>, an organization dedicated to the design and manufacturing of folding cartons, labels, packaging materials, and paper and cardboard promotional items, establishes its commitment to the implementation, maintenance, and continuous improvement of the Quality Management System based on the requirements of the ISO 9001:2015 standard. With the aim of ensuring customer and stakeholder satisfaction, complying with applicable requirements, and achieving operational excellence, management commits to:<\/p>\n\n<ul>\n \t<li class=\"p1\">To meet the needs and expectations of our relevant stakeholders, focusing on customer satisfaction as our main priority.<\/li>\n \t<li class=\"p1\">To comply with applicable, regulatory, legal, and statutory requirements, as well as those voluntarily committed to.<\/li>\n \t<li class=\"p1\">To promote the continuous improvement of processes and products through the identification, evaluation, and management of risks and opportunities.<\/li>\n \t<li class=\"p1\">To strengthen our market position by offering innovative, sustainable packaging solutions tailored to productive sectors, through effective management, monitoring, and customer loyalty initiatives.<\/li>\n \t<li class=\"p1\">To ensure the availability and maintenance of the necessary infrastructure to guarantee the effective operation of production processes and product conformity.<\/li>\n \t<li class=\"p1\">To provide the necessary resources (human, technical, and financial) for the effective implementation of the quality management system and the achievement of strategic objectives.<\/li>\n \t<li class=\"p1\">To strengthen staff competencies, training, and awareness, promoting leadership, commitment, and a quality culture at all levels of the organization.<\/li>\n \t<li class=\"p1\">To continuously measure and evaluate the performance of the management system, ensuring its effectiveness and data-driven decision making.<\/li>\n<\/ul>\n<span style=\"font-size: 13px;\">CODE: PEG-DIR-001<\/span>\n<span style=\"font-size: 13px;\">VERSION: 07<\/span>\n<span style=\"font-size: 13px;\">VALIDITY: 29\/04\/2025<\/span>\t\t\t\t\t\t\t\t<\/div>\n\t\t\t\t<\/div>\n\t\t\t\t\t<\/div>\n\t\t\t\t<\/div>\n\t\t\t\t<\/div>","protected":false},"excerpt":{"rendered":"<p>Pol\u00edtica de Calidad PRODUGRAFICAS S.A.S., organizaci\u00f3n, dedicada al dise\u00f1o y fabricaci\u00f3n de cajas plegadizas, etiquetas, material de empaque y publicomerciales en papel y cart\u00f3n, establece su compromiso con la implementaci\u00f3n, mantenimiento y mejora continua del Sistema de Gesti\u00f3n de la Calidad, basado en los requisitos de la norma ISO 9001:2015. Con el objetivo de garantizar [&hellip;]<\/p>","protected":false},"author":2,"featured_media":0,"parent":0,"menu_order":0,"comment_status":"closed","ping_status":"closed","template":"","meta":{"footnotes":""},"class_list":["post-11","page","type-page","status-publish","hentry"],"aioseo_notices":[],"_links":{"self":[{"href":"https:\/\/produgraficas.com\/en\/wp-json\/wp\/v2\/pages\/11","targetHints":{"allow":["GET"]}}],"collection":[{"href":"https:\/\/produgraficas.com\/en\/wp-json\/wp\/v2\/pages"}],"about":[{"href":"https:\/\/produgraficas.com\/en\/wp-json\/wp\/v2\/types\/page"}],"author":[{"embeddable":true,"href":"https:\/\/produgraficas.com\/en\/wp-json\/wp\/v2\/users\/2"}],"replies":[{"embeddable":true,"href":"https:\/\/produgraficas.com\/en\/wp-json\/wp\/v2\/comments?post=11"}],"version-history":[{"count":11,"href":"https:\/\/produgraficas.com\/en\/wp-json\/wp\/v2\/pages\/11\/revisions"}],"predecessor-version":[{"id":9052,"href":"https:\/\/produgraficas.com\/en\/wp-json\/wp\/v2\/pages\/11\/revisions\/9052"}],"wp:attachment":[{"href":"https:\/\/produgraficas.com\/en\/wp-json\/wp\/v2\/media?parent=11"}],"curies":[{"name":"wp","href":"https:\/\/api.w.org\/{rel}","templated":true}]}}