{"id":7950,"date":"2022-07-20T17:57:04","date_gmt":"2022-07-20T17:57:04","guid":{"rendered":"https:\/\/staging-hub.liquid-themes.com\/starthubfive\/?page_id=7950"},"modified":"2025-12-14T23:21:00","modified_gmt":"2025-12-14T23:21:00","slug":"printing-packaging-and-labeling-services","status":"publish","type":"page","link":"https:\/\/produgraficas.com\/en\/printing-packaging-and-labeling-services\/","title":{"rendered":"Services"},"content":{"rendered":"<div data-elementor-type=\"wp-page\" data-elementor-id=\"7950\" class=\"elementor elementor-7950\" data-elementor-post-type=\"page\">\n\t\t\t\t\t\t<section class=\"elementor-section elementor-top-section elementor-element elementor-element-8cf90f9 elementor-section-boxed elementor-section-height-default elementor-section-height-default\" data-id=\"8cf90f9\" data-element_type=\"section\" data-settings=\"{&quot;background_background&quot;:&quot;gradient&quot;,&quot;shape_divider_bottom&quot;:&quot;lqd-custom-shape-12&quot;}\">\n\t\t\t\t\t<div class=\"elementor-shape elementor-shape-bottom\" aria-hidden=\"true\" data-negative=\"false\">\n\t\t\t<svg class=\"lqd-custom-shape\" xmlns=\"http:\/\/www.w3.org\/2000\/svg\" preserveaspectratio=\"none\"  viewbox=\"0 0 1440 150\">\n    <path class=\"elementor-shape-fill\" d=\"M 0 26.1978 C 275.76 83.8152 430.707 65.0509 716.279 25.6386 C 930.422 -3.86123 1210.32 -3.98357 1439 9.18045 C 2072.34 45.9691 2201.93 62.4429 2560 26.198 V 172.199 L 0 172.199 V 26.1978 Z\">\n        <animate repeatcount=\"indefinite\" fill=\"freeze\" attributename=\"d\" dur=\"10s\" values=\"M0 25.9086C277 84.5821 433 65.736 720 25.9086C934.818 -3.9019 1214.06 -5.23669 1442 8.06597C2079 45.2421 2208 63.5007 2560 25.9088V171.91L0 171.91V25.9086Z; M0 86.3149C316 86.315 444 159.155 884 51.1554C1324 -56.8446 1320.29 34.1214 1538 70.4063C1814 116.407 2156 188.408 2560 86.315V232.317L0 232.316V86.3149Z; M0 53.6584C158 11.0001 213 0 363 0C513 0 855.555 115.001 1154 115.001C1440 115.001 1626 -38.0004 2560 53.6585V199.66L0 199.66V53.6584Z; M0 25.9086C277 84.5821 433 65.736 720 25.9086C934.818 -3.9019 1214.06 -5.23669 1442 8.06597C2079 45.2421 2208 63.5007 2560 25.9088V171.91L0 171.91V25.9086Z\">\n        <\/animate>\n    <\/path>\n<\/svg>\t\t<\/div>\n\t\t\t\t\t<div class=\"elementor-container elementor-column-gap-default\">\n\t\t\t\t\t<div class=\"elementor-column elementor-col-100 elementor-top-column elementor-element elementor-element-0204ed7\" data-id=\"0204ed7\" data-element_type=\"column\">\n\t\t\t<div class=\"elementor-widget-wrap elementor-element-populated\">\n\t\t\t\t\t\t<section class=\"elementor-section elementor-inner-section elementor-element elementor-element-9347063 elementor-section-full_width elementor-section-height-default elementor-section-height-default\" data-id=\"9347063\" data-element_type=\"section\">\n\t\t\t\t\t\t<div class=\"elementor-container elementor-column-gap-default\">\n\t\t\t\t\t<div class=\"elementor-column elementor-col-100 elementor-inner-column elementor-element elementor-element-0d71e33\" data-id=\"0d71e33\" data-element_type=\"column\">\n\t\t\t<div class=\"elementor-widget-wrap elementor-element-populated\">\n\t\t\t\t\t\t<div class=\"elementor-element elementor-element-69bbb3e elementor-widget elementor-widget-hub_fancy_heading\" data-id=\"69bbb3e\" data-element_type=\"widget\" data-widget_type=\"hub_fancy_heading.default\">\n\t\t\t\t<div class=\"elementor-widget-container\">\n\t\t\t\t\t\n\t\t<div id=\"ld-fancy-heading-69e17f11ca898\" class=\"ld-fancy-heading pos-rel\">\n\t\t\t<h1 class=\"ld-fh-element d-inline-block pos-rel  elementor-heading-title lqd-highlight-classic lqd-highlight-grow-left h1\"  > Folding Carton Manufacturing Services for Industry<\/h1>\t\t<\/div>\n\n\t\t\t\t\t\t<\/div>\n\t\t\t\t<\/div>\n\t\t\t\t<div class=\"elementor-element elementor-element-8f61a7d elementor-widget elementor-widget-hub_fancy_heading\" data-id=\"8f61a7d\" data-element_type=\"widget\" data-widget_type=\"hub_fancy_heading.default\">\n\t\t\t\t<div class=\"elementor-widget-container\">\n\t\t\t\t\t\n\t\t<div id=\"ld-fancy-heading-69e17f11cb370\" class=\"ld-fancy-heading pos-rel\">\n\t\t\t<p class=\"ld-fh-element d-inline-block pos-rel  lqd-highlight-classic lqd-highlight-grow-left p\"  > Design, Printing, and Creativity All in One Place. Bringing Your Visual Projects to Life.<\/p>\t\t<\/div>\n\n\t\t\t\t\t\t<\/div>\n\t\t\t\t<\/div>\n\t\t\t\t<div class=\"elementor-element elementor-element-b18b52a elementor-widget elementor-widget-ld_button\" data-id=\"b18b52a\" data-element_type=\"widget\" data-widget_type=\"ld_button.default\">\n\t\t\t\t<div class=\"elementor-widget-container\">\n\t\t\t\t\t\n\t\t\t<a\n\t\t\t\tclass=\"elementor-button btn btn-naked btn-icon-block btn-no-label\" data-localscroll=\"1\" data-localscroll-options=\"{&quot;scrollBelowSection&quot;:true}\" href=\"#\"\t\t\t>\n\t\t\t\t\t\t\t\t\t\t\t\t\t\t<span class=\"btn-icon\">\n\t\t\t\t\t\t\t<i aria-hidden=\"true\" class=\"lqd-icn-ess icon-ion-ios-arrow-down\"><\/i>\t\t\t\t\t\t<\/span>\n\t\t\t\t\t\t\t\t\t<\/a>\n\t\t\t\t\t\t\t<\/div>\n\t\t\t\t<\/div>\n\t\t\t\t\t<\/div>\n\t\t<\/div>\n\t\t\t\t\t<\/div>\n\t\t<\/section>\n\t\t\t\t<div class=\"elementor-element elementor-element-4b8c38e elementor-widget__width-initial elementor-absolute elementor-widget elementor-widget-ld_fancy_image\" data-id=\"4b8c38e\" data-element_type=\"widget\" data-settings=\"{&quot;_position&quot;:&quot;absolute&quot;}\" data-widget_type=\"ld_fancy_image.default\">\n\t\t\t\t<div class=\"elementor-widget-container\">\n\t\t\t\t\t\n\t\t<div class=\"lqd-imggrp-single d-block pos-rel\" data-float=\"ease-in-out\">\n\t\t\t<div class=\"lqd-imggrp-img-container d-inline-flex pos-rel align-items-center justify-content-center\">\n\t\t\t\t\t\t\t\t<figure class=\"w-100 pos-rel\">\n\t\t\t\t\t<img fetchpriority=\"high\" decoding=\"async\" width=\"1400\" height=\"1400\" src=\"https:\/\/produgraficas.com\/wp-content\/uploads\/2025\/09\/logo-outline.png\" class=\"attachment-full size-full wp-image-8158\" alt=\"logo outline PRODUGRAFICAS\" srcset=\"https:\/\/produgraficas.com\/wp-content\/uploads\/2025\/09\/logo-outline.png 1400w, https:\/\/produgraficas.com\/wp-content\/uploads\/2025\/09\/logo-outline-300x300.png 300w, https:\/\/produgraficas.com\/wp-content\/uploads\/2025\/09\/logo-outline-1024x1024.png 1024w, https:\/\/produgraficas.com\/wp-content\/uploads\/2025\/09\/logo-outline-150x150.png 150w, https:\/\/produgraficas.com\/wp-content\/uploads\/2025\/09\/logo-outline-320x320.png 320w, https:\/\/produgraficas.com\/wp-content\/uploads\/2025\/09\/logo-outline-760x760.png 760w, https:\/\/produgraficas.com\/wp-content\/uploads\/2025\/09\/logo-outline-12x12.png 12w\" sizes=\"(max-width: 1400px) 100vw, 1400px\" itemprop=\"image\" \/>\t\t\t\t\t\t\t\t\t\t\t\t\t\t\t\t\t\t\t\t\t\t\t\t\t\t\t\t\t<\/figure>\n\t\t\t<\/div>\n\t\t<\/div>\n\n\t\t\t\t\t<\/div>\n\t\t\t\t<\/div>\n\t\t\t\t\t<\/div>\n\t\t<\/div>\n\t\t\t\t\t<\/div>\n\t\t<\/section>\n\t\t\t\t<section class=\"elementor-section elementor-top-section elementor-element elementor-element-cedb970 elementor-section-boxed elementor-section-height-default elementor-section-height-default\" data-id=\"cedb970\" data-element_type=\"section\" data-settings=\"{&quot;background_background&quot;:&quot;classic&quot;}\">\n\t\t\t\t\t\t<div class=\"elementor-container elementor-column-gap-default\">\n\t\t\t\t\t<div class=\"elementor-column elementor-col-100 elementor-top-column elementor-element elementor-element-7b8acd3\" data-id=\"7b8acd3\" data-element_type=\"column\">\n\t\t\t<div class=\"elementor-widget-wrap elementor-element-populated\">\n\t\t\t\t\t\t<section class=\"elementor-section elementor-inner-section elementor-element elementor-element-49c2c5c7 elementor-section-boxed elementor-section-height-default elementor-section-height-default\" data-id=\"49c2c5c7\" data-element_type=\"section\">\n\t\t\t\t\t\t<div class=\"elementor-container elementor-column-gap-default\">\n\t\t\t\t\t<div class=\"elementor-column elementor-col-100 elementor-inner-column elementor-element elementor-element-1f4138d0\" data-id=\"1f4138d0\" data-element_type=\"column\">\n\t\t\t<div class=\"elementor-widget-wrap elementor-element-populated\">\n\t\t\t\t\t\t<div class=\"elementor-element elementor-element-7691ddaf elementor-widget elementor-widget-hub_fancy_heading\" data-id=\"7691ddaf\" data-element_type=\"widget\" data-widget_type=\"hub_fancy_heading.default\">\n\t\t\t\t<div class=\"elementor-widget-container\">\n\t\t\t\t\t\n\t\t<div id=\"ld-fancy-heading-69e17f11d3556\" class=\"ld-fancy-heading pos-rel\">\n\t\t\t<h2 class=\"ld-fh-element d-inline-block pos-rel  elementor-heading-title lqd-highlight-classic lqd-highlight-grow-left h2\"  data-text-rotator=\"true\" > Services for <span class=\"txt-rotate-keywords\"><span class=\"txt-rotate-keyword active\" ><span>Pharma<\/span><\/span><span class=\"txt-rotate-keyword\" ><span>Food Products<\/span><\/span><span class=\"txt-rotate-keyword\" ><span>Cosmetics<\/span><\/span><span class=\"txt-rotate-keyword\" ><span>Home Products<\/span><\/span><\/span><\/h2>\t\t<\/div>\n\n\t\t\t\t\t\t<\/div>\n\t\t\t\t<\/div>\n\t\t\t\t<div class=\"elementor-element elementor-element-7f8d522b elementor-widget elementor-widget-hub_fancy_heading\" data-id=\"7f8d522b\" data-element_type=\"widget\" data-widget_type=\"hub_fancy_heading.default\">\n\t\t\t\t<div class=\"elementor-widget-container\">\n\t\t\t\t\t\n\t\t<div id=\"ld-fancy-heading-69e17f11d3faf\" class=\"ld-fancy-heading pos-rel\">\n\t\t\t<p class=\"ld-fh-element d-inline-block pos-rel  lqd-highlight-classic lqd-highlight-grow-left p\"  > At PRODUGR\u00c1FICAS, we are manufacturers of folding cartons, designed and produced for the pharmaceutical, food, cosmetic, and home industries. Our solutions combine quality, safety, and presentation, adding value to each product throughout its sales chain.<\/p>\t\t<\/div>\n\n\t\t\t\t\t\t<\/div>\n\t\t\t\t<\/div>\n\t\t\t\t\t<\/div>\n\t\t<\/div>\n\t\t\t\t\t<\/div>\n\t\t<\/section>\n\t\t\t\t<section class=\"elementor-section elementor-inner-section elementor-element elementor-element-31fbf7a0 elementor-section-boxed elementor-section-height-default elementor-section-height-default\" data-id=\"31fbf7a0\" data-element_type=\"section\">\n\t\t\t\t\t\t<div class=\"elementor-container elementor-column-gap-default\">\n\t\t\t\t\t<div class=\"elementor-column elementor-col-50 elementor-inner-column elementor-element elementor-element-701c927c\" data-id=\"701c927c\" data-element_type=\"column\">\n\t\t\t<div class=\"elementor-widget-wrap elementor-element-populated\">\n\t\t\t\t\t\t<div class=\"elementor-element elementor-element-62f6a01a elementor-widget elementor-widget-ld_flipbox\" data-id=\"62f6a01a\" data-element_type=\"widget\" data-widget_type=\"ld_flipbox.default\">\n\t\t\t\t<div class=\"elementor-widget-container\">\n\t\t\t\t\t\t\t<div class=\"ld-flipbox d-flex flex-column justify-content-center align-items-center pos-rel perspective  ld-flipbox-shadow-onhover border-radius-4\">\n\t\t\t<div class=\"ld-flipbox-wrap w-100 pos-rel transform-style-3d\">\n\t\t\t\t<div id=\"front-62f6a01a\" class=\"ld-flipbox-face ld-flipbox-front d-flex flex-column w-100 backface-hidden transform-style-3d\">\n\t\t\t\t\t\t<span class=\"ld-flipbox-overlay lqd-overlay\">\n\t\t\t\t\t\t<\/span><div class=\"ld-flipbox-inner w-100 flex-grow-1 align-items-center justify-content-center backface-hidden\"><h5 style=\"text-align: center;\"><span style=\"padding: 0.5em 1em; border-radius: 4px; color: #000; background: #fff; font-size: 13px;\">Services<\/span><\/h5><h5 style=\"font-weight: bold; text-align: center;\"><span style=\"color: #ffffff; line-height: 35px; font-size: 30px;\">Pharma<\/span><\/h5><\/div><\/div><div id=\"back-62f6a01a\" class=\"ld-flipbox-face ld-flipbox-back d-flex flex-column lqd-overlay backface-hidden transform-style-3d\">\n\t\t\t\t\t\t<span class=\"ld-flipbox-overlay lqd-overlay\">\n\t\t\t\t\t\t<\/span><div class=\"ld-flipbox-inner d-flex flex-column flex-grow-1 align-items-center justify-content-center w-100 backface-hidden\"><p style=\"text-align: center;\"><span style=\"color: #ffffff;\">Packaging and labels designed to meet pharmaceutical regulations. Precision, readability, and quality that inspire trust.<\/span><\/p><p><a class=\"btn btn-solid btn-md round btn-has-label\" href=\"https:\/\/produgraficas.com\/en\/packaging-solutions-for-pharmaceuticals\/\"><br \/><span class=\"btn-txt\" data-text=\"Conoce M\u00e1s\">More Info<\/span><br \/><\/a><\/p><\/div><\/div>\t\t\t<\/div>\n\t\t<\/div>\n\t\t\t\t\t\t<\/div>\n\t\t\t\t<\/div>\n\t\t\t\t\t<\/div>\n\t\t<\/div>\n\t\t\t\t<div class=\"elementor-column elementor-col-50 elementor-inner-column elementor-element elementor-element-45c75973\" data-id=\"45c75973\" data-element_type=\"column\">\n\t\t\t<div class=\"elementor-widget-wrap elementor-element-populated\">\n\t\t\t\t\t\t<div class=\"elementor-element elementor-element-65a9be4 elementor-widget elementor-widget-ld_flipbox\" data-id=\"65a9be4\" data-element_type=\"widget\" data-widget_type=\"ld_flipbox.default\">\n\t\t\t\t<div class=\"elementor-widget-container\">\n\t\t\t\t\t\t\t<div class=\"ld-flipbox d-flex flex-column justify-content-center align-items-center pos-rel perspective  ld-flipbox-shadow-onhover border-radius-4\">\n\t\t\t<div class=\"ld-flipbox-wrap w-100 pos-rel transform-style-3d\">\n\t\t\t\t<div id=\"front-65a9be4\" class=\"ld-flipbox-face ld-flipbox-front d-flex flex-column w-100 backface-hidden transform-style-3d\">\n\t\t\t\t\t\t<span class=\"ld-flipbox-overlay lqd-overlay\">\n\t\t\t\t\t\t<\/span><div class=\"ld-flipbox-inner w-100 flex-grow-1 align-items-center justify-content-center backface-hidden\"><h5 style=\"text-align: center;\"><span style=\"padding: 0.5em 1em; border-radius: 4px; color: #000; background: #fff; font-size: 13px;\">Services<\/span><\/h5><h5 style=\"font-weight: bold; text-align: center;\"><span style=\"color: #ffffff; line-height: 35px; font-size: 30px;\">Cosmetics<\/span><\/h5><\/div><\/div><div id=\"back-65a9be4\" class=\"ld-flipbox-face ld-flipbox-back d-flex flex-column lqd-overlay backface-hidden transform-style-3d\">\n\t\t\t\t\t\t<span class=\"ld-flipbox-overlay lqd-overlay\">\n\t\t\t\t\t\t<\/span><div class=\"ld-flipbox-inner d-flex flex-column flex-grow-1 align-items-center justify-content-center w-100 backface-hidden\"><p style=\"text-align: center;\"><span style=\"color: #fff;\">Designs that enhance your brand\u2019s beauty. Moisture-resistant labels, premium packaging, and glossy or matte finishes that convey elegance and exclusivity.<br \/><\/span><\/p><p><a class=\"btn btn-solid btn-md round btn-has-label\" href=\"https:\/\/produgraficas.com\/en\/packaging-and-labels-for-cosmetics\/\"><br \/><span class=\"btn-txt\" data-text=\"Conoce M\u00e1s\">More Info<\/span><br \/><\/a><\/p><\/div><\/div>\t\t\t<\/div>\n\t\t<\/div>\n\t\t\t\t\t\t<\/div>\n\t\t\t\t<\/div>\n\t\t\t\t\t<\/div>\n\t\t<\/div>\n\t\t\t\t\t<\/div>\n\t\t<\/section>\n\t\t\t\t<section class=\"elementor-section elementor-inner-section elementor-element elementor-element-3a7497e elementor-section-boxed elementor-section-height-default elementor-section-height-default\" data-id=\"3a7497e\" data-element_type=\"section\">\n\t\t\t\t\t\t<div class=\"elementor-container elementor-column-gap-default\">\n\t\t\t\t\t<div class=\"elementor-column elementor-col-50 elementor-inner-column elementor-element elementor-element-b7a6902\" data-id=\"b7a6902\" data-element_type=\"column\">\n\t\t\t<div class=\"elementor-widget-wrap elementor-element-populated\">\n\t\t\t\t\t\t<div class=\"elementor-element elementor-element-749375f elementor-widget elementor-widget-ld_flipbox\" data-id=\"749375f\" data-element_type=\"widget\" data-widget_type=\"ld_flipbox.default\">\n\t\t\t\t<div class=\"elementor-widget-container\">\n\t\t\t\t\t\t\t<div class=\"ld-flipbox d-flex flex-column justify-content-center align-items-center pos-rel perspective  ld-flipbox-shadow-onhover border-radius-4\">\n\t\t\t<div class=\"ld-flipbox-wrap w-100 pos-rel transform-style-3d\">\n\t\t\t\t<div id=\"front-749375f\" class=\"ld-flipbox-face ld-flipbox-front d-flex flex-column w-100 backface-hidden transform-style-3d\">\n\t\t\t\t\t\t<span class=\"ld-flipbox-overlay lqd-overlay\">\n\t\t\t\t\t\t<\/span><div class=\"ld-flipbox-inner w-100 flex-grow-1 align-items-center justify-content-center backface-hidden\"><h5 style=\"text-align: center;\"><span style=\"padding: 0.5em 1em; border-radius: 4px; color: #000; background: #fff; font-size: 13px;\">Services<\/span><\/h5><h5 style=\"font-weight: bold; text-align: center;\"><span style=\"color: #ffffff; line-height: 35px; font-size: 30px;\">Food Products<\/span><\/h5><\/div><\/div><div id=\"back-749375f\" class=\"ld-flipbox-face ld-flipbox-back d-flex flex-column lqd-overlay backface-hidden transform-style-3d\">\n\t\t\t\t\t\t<span class=\"ld-flipbox-overlay lqd-overlay\">\n\t\t\t\t\t\t<\/span><div class=\"ld-flipbox-inner d-flex flex-column flex-grow-1 align-items-center justify-content-center w-100 backface-hidden\"><p style=\"text-align: center;\"><span style=\"color: #fff;\">Safe and attractive solutions for food and beverage packaging and labeling. Materials that meet health standards and designs that stand out on the shelf.<\/span><\/p><p><a class=\"btn btn-solid btn-md round btn-has-label\" href=\"https:\/\/produgraficas.com\/en\/safe-packaging-and-labels-for-food\/\"><br \/><span class=\"btn-txt\" data-text=\"Conoce M\u00e1s\">More Info<\/span><br \/><\/a><\/p><\/div><\/div>\t\t\t<\/div>\n\t\t<\/div>\n\t\t\t\t\t\t<\/div>\n\t\t\t\t<\/div>\n\t\t\t\t\t<\/div>\n\t\t<\/div>\n\t\t\t\t<div class=\"elementor-column elementor-col-50 elementor-inner-column elementor-element elementor-element-3ff9f1f\" data-id=\"3ff9f1f\" data-element_type=\"column\">\n\t\t\t<div class=\"elementor-widget-wrap elementor-element-populated\">\n\t\t\t\t\t\t<div class=\"elementor-element elementor-element-127932b elementor-widget elementor-widget-ld_flipbox\" data-id=\"127932b\" data-element_type=\"widget\" data-widget_type=\"ld_flipbox.default\">\n\t\t\t\t<div class=\"elementor-widget-container\">\n\t\t\t\t\t\t\t<div class=\"ld-flipbox d-flex flex-column justify-content-center align-items-center pos-rel perspective  ld-flipbox-shadow-onhover border-radius-4\">\n\t\t\t<div class=\"ld-flipbox-wrap w-100 pos-rel transform-style-3d\">\n\t\t\t\t<div id=\"front-127932b\" class=\"ld-flipbox-face ld-flipbox-front d-flex flex-column w-100 backface-hidden transform-style-3d\">\n\t\t\t\t\t\t<span class=\"ld-flipbox-overlay lqd-overlay\">\n\t\t\t\t\t\t<\/span><div class=\"ld-flipbox-inner w-100 flex-grow-1 align-items-center justify-content-center backface-hidden\"><h5 style=\"text-align: center;\"><span style=\"padding: 0.5em 1em; border-radius: 4px; color: #000; background: #fff; font-size: 13px;\">Services<\/span><\/h5><h5 style=\"font-weight: bold; text-align: center;\"><span style=\"color: #ffffff; line-height: 35px; font-size: 30px;\">Home Products<\/span><\/h5><\/div><\/div><div id=\"back-127932b\" class=\"ld-flipbox-face ld-flipbox-back d-flex flex-column lqd-overlay backface-hidden transform-style-3d\">\n\t\t\t\t\t\t<span class=\"ld-flipbox-overlay lqd-overlay\">\n\t\t\t\t\t\t<\/span><div class=\"ld-flipbox-inner d-flex flex-column flex-grow-1 align-items-center justify-content-center w-100 backface-hidden\"><p style=\"text-align: center;\"><span style=\"color: #fff;\">Practical and durable labels and packaging for cleaning and home care products. Custom designs that combine strength with great presentation.<\/span><\/p><p><a class=\"btn btn-solid btn-md round btn-has-label\" href=\"https:\/\/produgraficas.com\/en\/containers-and-labels-for-cleaning-and-home\/\"><br \/><span class=\"btn-txt\" data-text=\"Conoce M\u00e1s\">More Info<\/span><br \/><\/a><\/p><\/div><\/div>\t\t\t<\/div>\n\t\t<\/div>\n\t\t\t\t\t\t<\/div>\n\t\t\t\t<\/div>\n\t\t\t\t\t<\/div>\n\t\t<\/div>\n\t\t\t\t\t<\/div>\n\t\t<\/section>\n\t\t\t\t\t<\/div>\n\t\t<\/div>\n\t\t\t\t\t<\/div>\n\t\t<\/section>\n\t\t\t\t<\/div>","protected":false},"excerpt":{"rendered":"<p>Servicios de Fabricaci\u00f3n de Cajas Plegadizas para la Industria Dise\u00f1o, impresi\u00f3n y creatividad en un solo lugar. Haciendo tus proyectos visuales realidad. Servicios para FarmaAlimentosCosm\u00e9ticosHogar En PRODIGR\u00c1FICAS somos fabricantes de cajas plegadizas, dise\u00f1adas y producidas para las industrias farmac\u00e9utica, alimentaria, cosm\u00e9tica y del hogar. Nuestras soluciones combinan calidad, seguridad y presentaci\u00f3n, aportando valor a cada [&hellip;]<\/p>","protected":false},"author":2,"featured_media":0,"parent":0,"menu_order":0,"comment_status":"closed","ping_status":"closed","template":"","meta":{"footnotes":""},"class_list":["post-7950","page","type-page","status-publish","hentry"],"aioseo_notices":[],"_links":{"self":[{"href":"https:\/\/produgraficas.com\/en\/wp-json\/wp\/v2\/pages\/7950","targetHints":{"allow":["GET"]}}],"collection":[{"href":"https:\/\/produgraficas.com\/en\/wp-json\/wp\/v2\/pages"}],"about":[{"href":"https:\/\/produgraficas.com\/en\/wp-json\/wp\/v2\/types\/page"}],"author":[{"embeddable":true,"href":"https:\/\/produgraficas.com\/en\/wp-json\/wp\/v2\/users\/2"}],"replies":[{"embeddable":true,"href":"https:\/\/produgraficas.com\/en\/wp-json\/wp\/v2\/comments?post=7950"}],"version-history":[{"count":58,"href":"https:\/\/produgraficas.com\/en\/wp-json\/wp\/v2\/pages\/7950\/revisions"}],"predecessor-version":[{"id":9265,"href":"https:\/\/produgraficas.com\/en\/wp-json\/wp\/v2\/pages\/7950\/revisions\/9265"}],"wp:attachment":[{"href":"https:\/\/produgraficas.com\/en\/wp-json\/wp\/v2\/media?parent=7950"}],"curies":[{"name":"wp","href":"https:\/\/api.w.org\/{rel}","templated":true}]}}